{"id":1696,"date":"2024-05-13T17:20:44","date_gmt":"2024-05-13T20:20:44","guid":{"rendered":"https:\/\/www.wmtrading.com.br\/"},"modified":"2024-07-17T10:30:42","modified_gmt":"2024-07-17T13:30:42","slug":"segments","status":"publish","type":"page","link":"https:\/\/www.wmtrading.com.br\/en\/segments\/","title":{"rendered":"Segments"},"content":{"rendered":"<h1>Segments<\/h1>\n<p>Get to know all of our segments in which we operate with excellence!<\/p>\n","protected":false},"excerpt":{"rendered":"<p>Segments Get to know all of our segments in which we operate with excellence!<\/p>\n","protected":false},"author":1,"featured_media":179,"parent":0,"menu_order":2,"comment_status":"closed","ping_status":"closed","template":"page-segmentos.php","meta":{"om_disable_all_campaigns":false,"inline_featured_image":false,"footnotes":""},"tags":[],"class_list":["post-1696","page","type-page","status-publish","has-post-thumbnail","hentry"],"acf":[],"yoast_head":"<!-- This site is optimized with the Yoast SEO plugin v26.9 - https:\/\/yoast.com\/product\/yoast-seo-wordpress\/ -->\n<title>Segments - WM Trading<\/title>\n<meta name=\"robots\" content=\"index, follow, max-snippet:-1, max-image-preview:large, max-video-preview:-1\" \/>\n<link rel=\"canonical\" href=\"https:\/\/www.wmtrading.com.br\/en\/segments\/\" \/>\n<meta property=\"og:locale\" content=\"en_US\" \/>\n<meta property=\"og:type\" content=\"article\" \/>\n<meta property=\"og:title\" content=\"Segments - WM Trading\" \/>\n<meta property=\"og:description\" content=\"Segments Get to know all of our segments in which we operate with excellence!\" \/>\n<meta property=\"og:url\" content=\"https:\/\/www.wmtrading.com.br\/en\/segments\/\" \/>\n<meta property=\"og:site_name\" content=\"WM Trading\" \/>\n<meta property=\"article:publisher\" content=\"https:\/\/facebook.com\/WMTradingComercioInternacional\/\" \/>\n<meta property=\"article:modified_time\" content=\"2024-07-17T13:30:42+00:00\" \/>\n<meta property=\"og:image\" content=\"https:\/\/www.wmtrading.com.br\/wp-content\/uploads\/2024\/05\/banner-segmentos.webp\" \/>\n\t<meta property=\"og:image:width\" content=\"1920\" \/>\n\t<meta property=\"og:image:height\" content=\"405\" \/>\n\t<meta property=\"og:image:type\" content=\"image\/webp\" \/>\n<meta name=\"twitter:card\" content=\"summary_large_image\" \/>\n<meta name=\"twitter:label1\" content=\"Est. reading time\" \/>\n\t<meta name=\"twitter:data1\" content=\"1 minute\" \/>\n<script type=\"application\/ld+json\" class=\"yoast-schema-graph\">{\"@context\":\"https:\/\/schema.org\",\"@graph\":[{\"@type\":\"WebPage\",\"@id\":\"https:\/\/www.wmtrading.com.br\/en\/segments\/\",\"url\":\"https:\/\/www.wmtrading.com.br\/en\/segments\/\",\"name\":\"Segments - WM Trading\",\"isPartOf\":{\"@id\":\"https:\/\/www.wmtrading.com.br\/#website\"},\"primaryImageOfPage\":{\"@id\":\"https:\/\/www.wmtrading.com.br\/en\/segments\/#primaryimage\"},\"image\":{\"@id\":\"https:\/\/www.wmtrading.com.br\/en\/segments\/#primaryimage\"},\"thumbnailUrl\":\"https:\/\/www.wmtrading.com.br\/wp-content\/uploads\/2024\/05\/banner-segmentos.webp\",\"datePublished\":\"2024-05-13T20:20:44+00:00\",\"dateModified\":\"2024-07-17T13:30:42+00:00\",\"breadcrumb\":{\"@id\":\"https:\/\/www.wmtrading.com.br\/en\/segments\/#breadcrumb\"},\"inLanguage\":\"en-US\",\"potentialAction\":[{\"@type\":\"ReadAction\",\"target\":[\"https:\/\/www.wmtrading.com.br\/en\/segments\/\"]}]},{\"@type\":\"ImageObject\",\"inLanguage\":\"en-US\",\"@id\":\"https:\/\/www.wmtrading.com.br\/en\/segments\/#primaryimage\",\"url\":\"https:\/\/www.wmtrading.com.br\/wp-content\/uploads\/2024\/05\/banner-segmentos.webp\",\"contentUrl\":\"https:\/\/www.wmtrading.com.br\/wp-content\/uploads\/2024\/05\/banner-segmentos.webp\",\"width\":1920,\"height\":405,\"caption\":\"A excel\u00eancia da WM em cada segmento \u00e9 resultado de uma equipe colaborativa e focada em solu\u00e7\u00f5es estrat\u00e9gicas.\"},{\"@type\":\"BreadcrumbList\",\"@id\":\"https:\/\/www.wmtrading.com.br\/en\/segments\/#breadcrumb\",\"itemListElement\":[{\"@type\":\"ListItem\",\"position\":1,\"name\":\"In\u00edcio\",\"item\":\"https:\/\/www.wmtrading.com.br\/en\/\"},{\"@type\":\"ListItem\",\"position\":2,\"name\":\"Segments\"}]},{\"@type\":\"WebSite\",\"@id\":\"https:\/\/www.wmtrading.com.br\/#website\",\"url\":\"https:\/\/www.wmtrading.com.br\/\",\"name\":\"WM Trading\",\"description\":\"A WM Trading oferece as melhores solu\u00e7\u00f5es para com\u00e9rcio exterior em diferentes segmentos. Maximize sua opera\u00e7\u00e3o com uma trading especializada.\",\"publisher\":{\"@id\":\"https:\/\/www.wmtrading.com.br\/#organization\"},\"potentialAction\":[{\"@type\":\"SearchAction\",\"target\":{\"@type\":\"EntryPoint\",\"urlTemplate\":\"https:\/\/www.wmtrading.com.br\/?s={search_term_string}\"},\"query-input\":{\"@type\":\"PropertyValueSpecification\",\"valueRequired\":true,\"valueName\":\"search_term_string\"}}],\"inLanguage\":\"en-US\"},{\"@type\":\"Organization\",\"@id\":\"https:\/\/www.wmtrading.com.br\/#organization\",\"name\":\"WM Trading\",\"url\":\"https:\/\/www.wmtrading.com.br\/\",\"logo\":{\"@type\":\"ImageObject\",\"inLanguage\":\"en-US\",\"@id\":\"https:\/\/www.wmtrading.com.br\/#\/schema\/logo\/image\/\",\"url\":\"https:\/\/www.wmtrading.com.br\/wp-content\/uploads\/2024\/08\/cropped-cropped-editavel_logo_wm_trading_ajustada-e1724091077245.png\",\"contentUrl\":\"https:\/\/www.wmtrading.com.br\/wp-content\/uploads\/2024\/08\/cropped-cropped-editavel_logo_wm_trading_ajustada-e1724091077245.png\",\"width\":100,\"height\":69,\"caption\":\"WM Trading\"},\"image\":{\"@id\":\"https:\/\/www.wmtrading.com.br\/#\/schema\/logo\/image\/\"},\"sameAs\":[\"https:\/\/facebook.com\/WMTradingComercioInternacional\/\",\"https:\/\/instagram.com\/wmtrading\/\",\"https:\/\/www.youtube.com\/channel\/UCGdBOuDTCnglBU3expUhMPg\",\"https:\/\/pt.linkedin.com\/company\/wmtrading\"]}]}<\/script>\n<!-- \/ Yoast SEO plugin. -->","yoast_head_json":{"title":"Segments - WM Trading","robots":{"index":"index","follow":"follow","max-snippet":"max-snippet:-1","max-image-preview":"max-image-preview:large","max-video-preview":"max-video-preview:-1"},"canonical":"https:\/\/www.wmtrading.com.br\/en\/segments\/","og_locale":"en_US","og_type":"article","og_title":"Segments - WM Trading","og_description":"Segments Get to know all of our segments in which we operate with excellence!","og_url":"https:\/\/www.wmtrading.com.br\/en\/segments\/","og_site_name":"WM Trading","article_publisher":"https:\/\/facebook.com\/WMTradingComercioInternacional\/","article_modified_time":"2024-07-17T13:30:42+00:00","og_image":[{"width":1920,"height":405,"url":"https:\/\/www.wmtrading.com.br\/wp-content\/uploads\/2024\/05\/banner-segmentos.webp","type":"image\/webp"}],"twitter_card":"summary_large_image","twitter_misc":{"Est. reading time":"1 minute"},"schema":{"@context":"https:\/\/schema.org","@graph":[{"@type":"WebPage","@id":"https:\/\/www.wmtrading.com.br\/en\/segments\/","url":"https:\/\/www.wmtrading.com.br\/en\/segments\/","name":"Segments - WM Trading","isPartOf":{"@id":"https:\/\/www.wmtrading.com.br\/#website"},"primaryImageOfPage":{"@id":"https:\/\/www.wmtrading.com.br\/en\/segments\/#primaryimage"},"image":{"@id":"https:\/\/www.wmtrading.com.br\/en\/segments\/#primaryimage"},"thumbnailUrl":"https:\/\/www.wmtrading.com.br\/wp-content\/uploads\/2024\/05\/banner-segmentos.webp","datePublished":"2024-05-13T20:20:44+00:00","dateModified":"2024-07-17T13:30:42+00:00","breadcrumb":{"@id":"https:\/\/www.wmtrading.com.br\/en\/segments\/#breadcrumb"},"inLanguage":"en-US","potentialAction":[{"@type":"ReadAction","target":["https:\/\/www.wmtrading.com.br\/en\/segments\/"]}]},{"@type":"ImageObject","inLanguage":"en-US","@id":"https:\/\/www.wmtrading.com.br\/en\/segments\/#primaryimage","url":"https:\/\/www.wmtrading.com.br\/wp-content\/uploads\/2024\/05\/banner-segmentos.webp","contentUrl":"https:\/\/www.wmtrading.com.br\/wp-content\/uploads\/2024\/05\/banner-segmentos.webp","width":1920,"height":405,"caption":"A excel\u00eancia da WM em cada segmento \u00e9 resultado de uma equipe colaborativa e focada em solu\u00e7\u00f5es estrat\u00e9gicas."},{"@type":"BreadcrumbList","@id":"https:\/\/www.wmtrading.com.br\/en\/segments\/#breadcrumb","itemListElement":[{"@type":"ListItem","position":1,"name":"In\u00edcio","item":"https:\/\/www.wmtrading.com.br\/en\/"},{"@type":"ListItem","position":2,"name":"Segments"}]},{"@type":"WebSite","@id":"https:\/\/www.wmtrading.com.br\/#website","url":"https:\/\/www.wmtrading.com.br\/","name":"WM Trading","description":"A WM Trading oferece as melhores solu\u00e7\u00f5es para com\u00e9rcio exterior em diferentes segmentos. Maximize sua opera\u00e7\u00e3o com uma trading especializada.","publisher":{"@id":"https:\/\/www.wmtrading.com.br\/#organization"},"potentialAction":[{"@type":"SearchAction","target":{"@type":"EntryPoint","urlTemplate":"https:\/\/www.wmtrading.com.br\/?s={search_term_string}"},"query-input":{"@type":"PropertyValueSpecification","valueRequired":true,"valueName":"search_term_string"}}],"inLanguage":"en-US"},{"@type":"Organization","@id":"https:\/\/www.wmtrading.com.br\/#organization","name":"WM Trading","url":"https:\/\/www.wmtrading.com.br\/","logo":{"@type":"ImageObject","inLanguage":"en-US","@id":"https:\/\/www.wmtrading.com.br\/#\/schema\/logo\/image\/","url":"https:\/\/www.wmtrading.com.br\/wp-content\/uploads\/2024\/08\/cropped-cropped-editavel_logo_wm_trading_ajustada-e1724091077245.png","contentUrl":"https:\/\/www.wmtrading.com.br\/wp-content\/uploads\/2024\/08\/cropped-cropped-editavel_logo_wm_trading_ajustada-e1724091077245.png","width":100,"height":69,"caption":"WM Trading"},"image":{"@id":"https:\/\/www.wmtrading.com.br\/#\/schema\/logo\/image\/"},"sameAs":["https:\/\/facebook.com\/WMTradingComercioInternacional\/","https:\/\/instagram.com\/wmtrading\/","https:\/\/www.youtube.com\/channel\/UCGdBOuDTCnglBU3expUhMPg","https:\/\/pt.linkedin.com\/company\/wmtrading"]}]}},"_links":{"self":[{"href":"https:\/\/www.wmtrading.com.br\/en\/wp-json\/wp\/v2\/pages\/1696","targetHints":{"allow":["GET"]}}],"collection":[{"href":"https:\/\/www.wmtrading.com.br\/en\/wp-json\/wp\/v2\/pages"}],"about":[{"href":"https:\/\/www.wmtrading.com.br\/en\/wp-json\/wp\/v2\/types\/page"}],"author":[{"embeddable":true,"href":"https:\/\/www.wmtrading.com.br\/en\/wp-json\/wp\/v2\/users\/1"}],"replies":[{"embeddable":true,"href":"https:\/\/www.wmtrading.com.br\/en\/wp-json\/wp\/v2\/comments?post=1696"}],"version-history":[{"count":3,"href":"https:\/\/www.wmtrading.com.br\/en\/wp-json\/wp\/v2\/pages\/1696\/revisions"}],"predecessor-version":[{"id":3582,"href":"https:\/\/www.wmtrading.com.br\/en\/wp-json\/wp\/v2\/pages\/1696\/revisions\/3582"}],"wp:featuredmedia":[{"embeddable":true,"href":"https:\/\/www.wmtrading.com.br\/en\/wp-json\/wp\/v2\/media\/179"}],"wp:attachment":[{"href":"https:\/\/www.wmtrading.com.br\/en\/wp-json\/wp\/v2\/media?parent=1696"}],"wp:term":[{"taxonomy":"post_tag","embeddable":true,"href":"https:\/\/www.wmtrading.com.br\/en\/wp-json\/wp\/v2\/tags?post=1696"}],"curies":[{"name":"wp","href":"https:\/\/api.w.org\/{rel}","templated":true}]}}