{"id":1736,"date":"2024-05-14T11:29:23","date_gmt":"2024-05-14T14:29:23","guid":{"rendered":"https:\/\/www.wmtrading.com.br\/compliance\/"},"modified":"2025-07-25T10:06:25","modified_gmt":"2025-07-25T13:06:25","slug":"compliance","status":"publish","type":"page","link":"https:\/\/www.wmtrading.com.br\/en\/compliance\/","title":{"rendered":"Compliance"},"content":{"rendered":"<h1>Compliance<\/h1>\n<p>With Compliance, operations are protected<br \/>\nfrom possible collateral damage that may<br \/>\noccur during the import process<\/p>\n","protected":false},"excerpt":{"rendered":"<p>Compliance With Compliance, operations are protected from possible collateral damage that may occur during the import process<\/p>\n","protected":false},"author":1,"featured_media":604,"parent":0,"menu_order":20,"comment_status":"closed","ping_status":"closed","template":"","meta":{"om_disable_all_campaigns":false,"inline_featured_image":false,"footnotes":""},"tags":[],"class_list":["post-1736","page","type-page","status-publish","has-post-thumbnail","hentry"],"acf":[],"yoast_head":"<!-- This site is optimized with the Yoast SEO plugin v26.9 - https:\/\/yoast.com\/product\/yoast-seo-wordpress\/ -->\n<title>WM&#039;s Compliance<\/title>\n<meta name=\"robots\" content=\"index, follow, max-snippet:-1, max-image-preview:large, max-video-preview:-1\" \/>\n<link rel=\"canonical\" href=\"https:\/\/www.wmtrading.com.br\/en\/compliance\/\" \/>\n<meta property=\"og:locale\" content=\"en_US\" \/>\n<meta property=\"og:type\" content=\"article\" \/>\n<meta property=\"og:title\" content=\"WM&#039;s Compliance\" \/>\n<meta property=\"og:description\" content=\"Compliance With Compliance, operations are protected from possible collateral damage that may occur during the import process\" \/>\n<meta property=\"og:url\" content=\"https:\/\/www.wmtrading.com.br\/en\/compliance\/\" \/>\n<meta property=\"og:site_name\" content=\"WM Trading\" \/>\n<meta property=\"article:publisher\" content=\"https:\/\/facebook.com\/WMTradingComercioInternacional\/\" \/>\n<meta property=\"article:modified_time\" content=\"2025-07-25T13:06:25+00:00\" \/>\n<meta property=\"og:image\" content=\"https:\/\/www.wmtrading.com.br\/wp-content\/uploads\/2024\/06\/banner-compliance.webp\" \/>\n\t<meta property=\"og:image:width\" content=\"1920\" \/>\n\t<meta property=\"og:image:height\" content=\"405\" \/>\n\t<meta property=\"og:image:type\" content=\"image\/webp\" \/>\n<meta name=\"twitter:card\" content=\"summary_large_image\" \/>\n<meta name=\"twitter:label1\" content=\"Est. reading time\" \/>\n\t<meta name=\"twitter:data1\" content=\"1 minute\" \/>\n<script type=\"application\/ld+json\" class=\"yoast-schema-graph\">{\"@context\":\"https:\/\/schema.org\",\"@graph\":[{\"@type\":\"WebPage\",\"@id\":\"https:\/\/www.wmtrading.com.br\/en\/compliance\/\",\"url\":\"https:\/\/www.wmtrading.com.br\/en\/compliance\/\",\"name\":\"WM's Compliance\",\"isPartOf\":{\"@id\":\"https:\/\/www.wmtrading.com.br\/#website\"},\"primaryImageOfPage\":{\"@id\":\"https:\/\/www.wmtrading.com.br\/en\/compliance\/#primaryimage\"},\"image\":{\"@id\":\"https:\/\/www.wmtrading.com.br\/en\/compliance\/#primaryimage\"},\"thumbnailUrl\":\"https:\/\/www.wmtrading.com.br\/wp-content\/uploads\/2024\/06\/banner-compliance.webp\",\"datePublished\":\"2024-05-14T14:29:23+00:00\",\"dateModified\":\"2025-07-25T13:06:25+00:00\",\"breadcrumb\":{\"@id\":\"https:\/\/www.wmtrading.com.br\/en\/compliance\/#breadcrumb\"},\"inLanguage\":\"en-US\",\"potentialAction\":[{\"@type\":\"ReadAction\",\"target\":[\"https:\/\/www.wmtrading.com.br\/en\/compliance\/\"]}]},{\"@type\":\"ImageObject\",\"inLanguage\":\"en-US\",\"@id\":\"https:\/\/www.wmtrading.com.br\/en\/compliance\/#primaryimage\",\"url\":\"https:\/\/www.wmtrading.com.br\/wp-content\/uploads\/2024\/06\/banner-compliance.webp\",\"contentUrl\":\"https:\/\/www.wmtrading.com.br\/wp-content\/uploads\/2024\/06\/banner-compliance.webp\",\"width\":1920,\"height\":405},{\"@type\":\"BreadcrumbList\",\"@id\":\"https:\/\/www.wmtrading.com.br\/en\/compliance\/#breadcrumb\",\"itemListElement\":[{\"@type\":\"ListItem\",\"position\":1,\"name\":\"In\u00edcio\",\"item\":\"https:\/\/www.wmtrading.com.br\/en\/\"},{\"@type\":\"ListItem\",\"position\":2,\"name\":\"Compliance\"}]},{\"@type\":\"WebSite\",\"@id\":\"https:\/\/www.wmtrading.com.br\/#website\",\"url\":\"https:\/\/www.wmtrading.com.br\/\",\"name\":\"WM Trading\",\"description\":\"A WM Trading oferece as melhores solu\u00e7\u00f5es para com\u00e9rcio exterior em diferentes segmentos. Maximize sua opera\u00e7\u00e3o com uma trading especializada.\",\"publisher\":{\"@id\":\"https:\/\/www.wmtrading.com.br\/#organization\"},\"potentialAction\":[{\"@type\":\"SearchAction\",\"target\":{\"@type\":\"EntryPoint\",\"urlTemplate\":\"https:\/\/www.wmtrading.com.br\/?s={search_term_string}\"},\"query-input\":{\"@type\":\"PropertyValueSpecification\",\"valueRequired\":true,\"valueName\":\"search_term_string\"}}],\"inLanguage\":\"en-US\"},{\"@type\":\"Organization\",\"@id\":\"https:\/\/www.wmtrading.com.br\/#organization\",\"name\":\"WM Trading\",\"url\":\"https:\/\/www.wmtrading.com.br\/\",\"logo\":{\"@type\":\"ImageObject\",\"inLanguage\":\"en-US\",\"@id\":\"https:\/\/www.wmtrading.com.br\/#\/schema\/logo\/image\/\",\"url\":\"https:\/\/www.wmtrading.com.br\/wp-content\/uploads\/2024\/08\/cropped-cropped-editavel_logo_wm_trading_ajustada-e1724091077245.png\",\"contentUrl\":\"https:\/\/www.wmtrading.com.br\/wp-content\/uploads\/2024\/08\/cropped-cropped-editavel_logo_wm_trading_ajustada-e1724091077245.png\",\"width\":100,\"height\":69,\"caption\":\"WM Trading\"},\"image\":{\"@id\":\"https:\/\/www.wmtrading.com.br\/#\/schema\/logo\/image\/\"},\"sameAs\":[\"https:\/\/facebook.com\/WMTradingComercioInternacional\/\",\"https:\/\/instagram.com\/wmtrading\/\",\"https:\/\/www.youtube.com\/channel\/UCGdBOuDTCnglBU3expUhMPg\",\"https:\/\/pt.linkedin.com\/company\/wmtrading\"]}]}<\/script>\n<!-- \/ Yoast SEO plugin. -->","yoast_head_json":{"title":"WM's Compliance","robots":{"index":"index","follow":"follow","max-snippet":"max-snippet:-1","max-image-preview":"max-image-preview:large","max-video-preview":"max-video-preview:-1"},"canonical":"https:\/\/www.wmtrading.com.br\/en\/compliance\/","og_locale":"en_US","og_type":"article","og_title":"WM's Compliance","og_description":"Compliance With Compliance, operations are protected from possible collateral damage that may occur during the import process","og_url":"https:\/\/www.wmtrading.com.br\/en\/compliance\/","og_site_name":"WM Trading","article_publisher":"https:\/\/facebook.com\/WMTradingComercioInternacional\/","article_modified_time":"2025-07-25T13:06:25+00:00","og_image":[{"width":1920,"height":405,"url":"https:\/\/www.wmtrading.com.br\/wp-content\/uploads\/2024\/06\/banner-compliance.webp","type":"image\/webp"}],"twitter_card":"summary_large_image","twitter_misc":{"Est. reading time":"1 minute"},"schema":{"@context":"https:\/\/schema.org","@graph":[{"@type":"WebPage","@id":"https:\/\/www.wmtrading.com.br\/en\/compliance\/","url":"https:\/\/www.wmtrading.com.br\/en\/compliance\/","name":"WM's Compliance","isPartOf":{"@id":"https:\/\/www.wmtrading.com.br\/#website"},"primaryImageOfPage":{"@id":"https:\/\/www.wmtrading.com.br\/en\/compliance\/#primaryimage"},"image":{"@id":"https:\/\/www.wmtrading.com.br\/en\/compliance\/#primaryimage"},"thumbnailUrl":"https:\/\/www.wmtrading.com.br\/wp-content\/uploads\/2024\/06\/banner-compliance.webp","datePublished":"2024-05-14T14:29:23+00:00","dateModified":"2025-07-25T13:06:25+00:00","breadcrumb":{"@id":"https:\/\/www.wmtrading.com.br\/en\/compliance\/#breadcrumb"},"inLanguage":"en-US","potentialAction":[{"@type":"ReadAction","target":["https:\/\/www.wmtrading.com.br\/en\/compliance\/"]}]},{"@type":"ImageObject","inLanguage":"en-US","@id":"https:\/\/www.wmtrading.com.br\/en\/compliance\/#primaryimage","url":"https:\/\/www.wmtrading.com.br\/wp-content\/uploads\/2024\/06\/banner-compliance.webp","contentUrl":"https:\/\/www.wmtrading.com.br\/wp-content\/uploads\/2024\/06\/banner-compliance.webp","width":1920,"height":405},{"@type":"BreadcrumbList","@id":"https:\/\/www.wmtrading.com.br\/en\/compliance\/#breadcrumb","itemListElement":[{"@type":"ListItem","position":1,"name":"In\u00edcio","item":"https:\/\/www.wmtrading.com.br\/en\/"},{"@type":"ListItem","position":2,"name":"Compliance"}]},{"@type":"WebSite","@id":"https:\/\/www.wmtrading.com.br\/#website","url":"https:\/\/www.wmtrading.com.br\/","name":"WM Trading","description":"A WM Trading oferece as melhores solu\u00e7\u00f5es para com\u00e9rcio exterior em diferentes segmentos. Maximize sua opera\u00e7\u00e3o com uma trading especializada.","publisher":{"@id":"https:\/\/www.wmtrading.com.br\/#organization"},"potentialAction":[{"@type":"SearchAction","target":{"@type":"EntryPoint","urlTemplate":"https:\/\/www.wmtrading.com.br\/?s={search_term_string}"},"query-input":{"@type":"PropertyValueSpecification","valueRequired":true,"valueName":"search_term_string"}}],"inLanguage":"en-US"},{"@type":"Organization","@id":"https:\/\/www.wmtrading.com.br\/#organization","name":"WM Trading","url":"https:\/\/www.wmtrading.com.br\/","logo":{"@type":"ImageObject","inLanguage":"en-US","@id":"https:\/\/www.wmtrading.com.br\/#\/schema\/logo\/image\/","url":"https:\/\/www.wmtrading.com.br\/wp-content\/uploads\/2024\/08\/cropped-cropped-editavel_logo_wm_trading_ajustada-e1724091077245.png","contentUrl":"https:\/\/www.wmtrading.com.br\/wp-content\/uploads\/2024\/08\/cropped-cropped-editavel_logo_wm_trading_ajustada-e1724091077245.png","width":100,"height":69,"caption":"WM Trading"},"image":{"@id":"https:\/\/www.wmtrading.com.br\/#\/schema\/logo\/image\/"},"sameAs":["https:\/\/facebook.com\/WMTradingComercioInternacional\/","https:\/\/instagram.com\/wmtrading\/","https:\/\/www.youtube.com\/channel\/UCGdBOuDTCnglBU3expUhMPg","https:\/\/pt.linkedin.com\/company\/wmtrading"]}]}},"_links":{"self":[{"href":"https:\/\/www.wmtrading.com.br\/en\/wp-json\/wp\/v2\/pages\/1736","targetHints":{"allow":["GET"]}}],"collection":[{"href":"https:\/\/www.wmtrading.com.br\/en\/wp-json\/wp\/v2\/pages"}],"about":[{"href":"https:\/\/www.wmtrading.com.br\/en\/wp-json\/wp\/v2\/types\/page"}],"author":[{"embeddable":true,"href":"https:\/\/www.wmtrading.com.br\/en\/wp-json\/wp\/v2\/users\/1"}],"replies":[{"embeddable":true,"href":"https:\/\/www.wmtrading.com.br\/en\/wp-json\/wp\/v2\/comments?post=1736"}],"version-history":[{"count":5,"href":"https:\/\/www.wmtrading.com.br\/en\/wp-json\/wp\/v2\/pages\/1736\/revisions"}],"predecessor-version":[{"id":10149,"href":"https:\/\/www.wmtrading.com.br\/en\/wp-json\/wp\/v2\/pages\/1736\/revisions\/10149"}],"wp:featuredmedia":[{"embeddable":true,"href":"https:\/\/www.wmtrading.com.br\/en\/wp-json\/wp\/v2\/media\/604"}],"wp:attachment":[{"href":"https:\/\/www.wmtrading.com.br\/en\/wp-json\/wp\/v2\/media?parent=1736"}],"wp:term":[{"taxonomy":"post_tag","embeddable":true,"href":"https:\/\/www.wmtrading.com.br\/en\/wp-json\/wp\/v2\/tags?post=1736"}],"curies":[{"name":"wp","href":"https:\/\/api.w.org\/{rel}","templated":true}]}}