{"id":1743,"date":"2024-05-14T11:43:48","date_gmt":"2024-05-14T14:43:48","guid":{"rendered":"https:\/\/www.wmtrading.com.br\/materiais\/"},"modified":"2024-10-18T13:59:49","modified_gmt":"2024-10-18T16:59:49","slug":"materiais","status":"publish","type":"page","link":"https:\/\/www.wmtrading.com.br\/en\/materiais\/","title":{"rendered":"Materials"},"content":{"rendered":"<div id=\"1368929813\" class=\"u_1368929813 dmNewParagraph\" data-element-type=\"paragraph\" data-version=\"5\" data-anim-extended=\"eyJkZXNrdG9wIjp7InRyaWdnZXIiOiJlbnRyYW5jZSIsImFuaW1hdGlvbiI6ImZhZGVJbkNvbWJvIiwiZHVyYXRpb24iOjAuNSwiZGVsYXkiOjAsImludGVuc2l0eSI6MSwicmV2ZXJzZSI6ZmFsc2UsImRpciI6ImluLXBsYWNlIn0sIm1vYmlsZSI6eyJ0cmlnZ2VyIjoiZW50cmFuY2UiLCJhbmltYXRpb24iOiJmYWRlSW4iLCJyZXZlcnNlIjpmYWxzZX19\" data-anim-desktop=\"fadeInCombo\" data-anim-mobile=\"fadeIn\">\n<h1>Materials<\/h1>\n<\/div>\n<div id=\"1897726233\" class=\"u_1897726233 dmNewParagraph\" data-element-type=\"paragraph\" data-version=\"5\" data-anim-extended=\"eyJkZXNrdG9wIjp7InRyaWdnZXIiOiJlbnRyYW5jZSIsImFuaW1hdGlvbiI6ImZhZGVJbkNvbWJvIiwiZHVyYXRpb24iOjAuNSwiZGVsYXkiOjAsImludGVuc2l0eSI6MSwiZGlyIjoiaW4tcGxhY2UifSwibW9iaWxlIjp7InRyaWdnZXIiOiJlbnRyYW5jZSIsImFuaW1hdGlvbiI6ImZhZGVJbiIsInJldmVyc2UiOmZhbHNlfX0=\" data-anim-desktop=\"fadeInCombo\" data-anim-mobile=\"fadeIn\">\n<p>Do you want to download materials on Brazilian Imports for free?<\/p>\n<p>Click on the buttons below and fill out the<br \/>\nform to gain access to our exclusive contents!<\/p>\n<\/div>\n","protected":false},"excerpt":{"rendered":"<p>Materials Do you want to download materials on Brazilian Imports for free? Click on the buttons below and fill out the form to gain access to our exclusive contents!<\/p>\n","protected":false},"author":1,"featured_media":660,"parent":0,"menu_order":22,"comment_status":"closed","ping_status":"closed","template":"","meta":{"om_disable_all_campaigns":false,"inline_featured_image":false,"footnotes":""},"tags":[],"class_list":["post-1743","page","type-page","status-publish","has-post-thumbnail","hentry"],"acf":[],"yoast_head":"<!-- This site is optimized with the Yoast SEO plugin v26.9 - https:\/\/yoast.com\/product\/yoast-seo-wordpress\/ -->\n<title>Materials - WM Trading<\/title>\n<meta name=\"description\" content=\"Download WM&#039;s materials about the particularities of Brazilian Imports, such as e-Books, infographics, listen to podcasts and much more!\" \/>\n<meta name=\"robots\" content=\"index, follow, max-snippet:-1, max-image-preview:large, max-video-preview:-1\" \/>\n<link rel=\"canonical\" href=\"https:\/\/www.wmtrading.com.br\/en\/materiais\/\" \/>\n<meta property=\"og:locale\" content=\"en_US\" \/>\n<meta property=\"og:type\" content=\"article\" \/>\n<meta property=\"og:title\" content=\"Materials - WM Trading\" \/>\n<meta property=\"og:description\" content=\"Download WM&#039;s materials about the particularities of Brazilian Imports, such as e-Books, infographics, listen to podcasts and much more!\" \/>\n<meta property=\"og:url\" content=\"https:\/\/www.wmtrading.com.br\/en\/materiais\/\" \/>\n<meta property=\"og:site_name\" content=\"WM Trading\" \/>\n<meta property=\"article:publisher\" content=\"https:\/\/facebook.com\/WMTradingComercioInternacional\/\" \/>\n<meta property=\"article:modified_time\" content=\"2024-10-18T16:59:49+00:00\" \/>\n<meta property=\"og:image\" content=\"https:\/\/www.wmtrading.com.br\/wp-content\/uploads\/2024\/06\/banner-materiais.webp\" \/>\n\t<meta property=\"og:image:width\" content=\"1920\" \/>\n\t<meta property=\"og:image:height\" content=\"388\" \/>\n\t<meta property=\"og:image:type\" content=\"image\/webp\" \/>\n<meta name=\"twitter:card\" content=\"summary_large_image\" \/>\n<meta name=\"twitter:label1\" content=\"Est. reading time\" \/>\n\t<meta name=\"twitter:data1\" content=\"1 minute\" \/>\n<script type=\"application\/ld+json\" class=\"yoast-schema-graph\">{\"@context\":\"https:\/\/schema.org\",\"@graph\":[{\"@type\":\"WebPage\",\"@id\":\"https:\/\/www.wmtrading.com.br\/en\/materiais\/\",\"url\":\"https:\/\/www.wmtrading.com.br\/en\/materiais\/\",\"name\":\"Materials - WM Trading\",\"isPartOf\":{\"@id\":\"https:\/\/www.wmtrading.com.br\/#website\"},\"primaryImageOfPage\":{\"@id\":\"https:\/\/www.wmtrading.com.br\/en\/materiais\/#primaryimage\"},\"image\":{\"@id\":\"https:\/\/www.wmtrading.com.br\/en\/materiais\/#primaryimage\"},\"thumbnailUrl\":\"https:\/\/www.wmtrading.com.br\/wp-content\/uploads\/2024\/06\/banner-materiais.webp\",\"datePublished\":\"2024-05-14T14:43:48+00:00\",\"dateModified\":\"2024-10-18T16:59:49+00:00\",\"description\":\"Download WM's materials about the particularities of Brazilian Imports, such as e-Books, infographics, listen to podcasts and much more!\",\"breadcrumb\":{\"@id\":\"https:\/\/www.wmtrading.com.br\/en\/materiais\/#breadcrumb\"},\"inLanguage\":\"en-US\",\"potentialAction\":[{\"@type\":\"ReadAction\",\"target\":[\"https:\/\/www.wmtrading.com.br\/en\/materiais\/\"]}]},{\"@type\":\"ImageObject\",\"inLanguage\":\"en-US\",\"@id\":\"https:\/\/www.wmtrading.com.br\/en\/materiais\/#primaryimage\",\"url\":\"https:\/\/www.wmtrading.com.br\/wp-content\/uploads\/2024\/06\/banner-materiais.webp\",\"contentUrl\":\"https:\/\/www.wmtrading.com.br\/wp-content\/uploads\/2024\/06\/banner-materiais.webp\",\"width\":1920,\"height\":388,\"caption\":\"Explore os materiais exclusivos da WM Trading, desenvolvidos para facilitar o entendimento sobre com\u00e9rcio internacional e importa\u00e7\u00e3o\"},{\"@type\":\"BreadcrumbList\",\"@id\":\"https:\/\/www.wmtrading.com.br\/en\/materiais\/#breadcrumb\",\"itemListElement\":[{\"@type\":\"ListItem\",\"position\":1,\"name\":\"In\u00edcio\",\"item\":\"https:\/\/www.wmtrading.com.br\/en\/\"},{\"@type\":\"ListItem\",\"position\":2,\"name\":\"Materials\"}]},{\"@type\":\"WebSite\",\"@id\":\"https:\/\/www.wmtrading.com.br\/#website\",\"url\":\"https:\/\/www.wmtrading.com.br\/\",\"name\":\"WM Trading\",\"description\":\"A WM Trading oferece as melhores solu\u00e7\u00f5es para com\u00e9rcio exterior em diferentes segmentos. Maximize sua opera\u00e7\u00e3o com uma trading especializada.\",\"publisher\":{\"@id\":\"https:\/\/www.wmtrading.com.br\/#organization\"},\"potentialAction\":[{\"@type\":\"SearchAction\",\"target\":{\"@type\":\"EntryPoint\",\"urlTemplate\":\"https:\/\/www.wmtrading.com.br\/?s={search_term_string}\"},\"query-input\":{\"@type\":\"PropertyValueSpecification\",\"valueRequired\":true,\"valueName\":\"search_term_string\"}}],\"inLanguage\":\"en-US\"},{\"@type\":\"Organization\",\"@id\":\"https:\/\/www.wmtrading.com.br\/#organization\",\"name\":\"WM Trading\",\"url\":\"https:\/\/www.wmtrading.com.br\/\",\"logo\":{\"@type\":\"ImageObject\",\"inLanguage\":\"en-US\",\"@id\":\"https:\/\/www.wmtrading.com.br\/#\/schema\/logo\/image\/\",\"url\":\"https:\/\/www.wmtrading.com.br\/wp-content\/uploads\/2024\/08\/cropped-cropped-editavel_logo_wm_trading_ajustada-e1724091077245.png\",\"contentUrl\":\"https:\/\/www.wmtrading.com.br\/wp-content\/uploads\/2024\/08\/cropped-cropped-editavel_logo_wm_trading_ajustada-e1724091077245.png\",\"width\":100,\"height\":69,\"caption\":\"WM Trading\"},\"image\":{\"@id\":\"https:\/\/www.wmtrading.com.br\/#\/schema\/logo\/image\/\"},\"sameAs\":[\"https:\/\/facebook.com\/WMTradingComercioInternacional\/\",\"https:\/\/instagram.com\/wmtrading\/\",\"https:\/\/www.youtube.com\/channel\/UCGdBOuDTCnglBU3expUhMPg\",\"https:\/\/pt.linkedin.com\/company\/wmtrading\"]}]}<\/script>\n<!-- \/ Yoast SEO plugin. -->","yoast_head_json":{"title":"Materials - WM Trading","description":"Download WM's materials about the particularities of Brazilian Imports, such as e-Books, infographics, listen to podcasts and much more!","robots":{"index":"index","follow":"follow","max-snippet":"max-snippet:-1","max-image-preview":"max-image-preview:large","max-video-preview":"max-video-preview:-1"},"canonical":"https:\/\/www.wmtrading.com.br\/en\/materiais\/","og_locale":"en_US","og_type":"article","og_title":"Materials - WM Trading","og_description":"Download WM's materials about the particularities of Brazilian Imports, such as e-Books, infographics, listen to podcasts and much more!","og_url":"https:\/\/www.wmtrading.com.br\/en\/materiais\/","og_site_name":"WM Trading","article_publisher":"https:\/\/facebook.com\/WMTradingComercioInternacional\/","article_modified_time":"2024-10-18T16:59:49+00:00","og_image":[{"width":1920,"height":388,"url":"https:\/\/www.wmtrading.com.br\/wp-content\/uploads\/2024\/06\/banner-materiais.webp","type":"image\/webp"}],"twitter_card":"summary_large_image","twitter_misc":{"Est. reading time":"1 minute"},"schema":{"@context":"https:\/\/schema.org","@graph":[{"@type":"WebPage","@id":"https:\/\/www.wmtrading.com.br\/en\/materiais\/","url":"https:\/\/www.wmtrading.com.br\/en\/materiais\/","name":"Materials - WM Trading","isPartOf":{"@id":"https:\/\/www.wmtrading.com.br\/#website"},"primaryImageOfPage":{"@id":"https:\/\/www.wmtrading.com.br\/en\/materiais\/#primaryimage"},"image":{"@id":"https:\/\/www.wmtrading.com.br\/en\/materiais\/#primaryimage"},"thumbnailUrl":"https:\/\/www.wmtrading.com.br\/wp-content\/uploads\/2024\/06\/banner-materiais.webp","datePublished":"2024-05-14T14:43:48+00:00","dateModified":"2024-10-18T16:59:49+00:00","description":"Download WM's materials about the particularities of Brazilian Imports, such as e-Books, infographics, listen to podcasts and much more!","breadcrumb":{"@id":"https:\/\/www.wmtrading.com.br\/en\/materiais\/#breadcrumb"},"inLanguage":"en-US","potentialAction":[{"@type":"ReadAction","target":["https:\/\/www.wmtrading.com.br\/en\/materiais\/"]}]},{"@type":"ImageObject","inLanguage":"en-US","@id":"https:\/\/www.wmtrading.com.br\/en\/materiais\/#primaryimage","url":"https:\/\/www.wmtrading.com.br\/wp-content\/uploads\/2024\/06\/banner-materiais.webp","contentUrl":"https:\/\/www.wmtrading.com.br\/wp-content\/uploads\/2024\/06\/banner-materiais.webp","width":1920,"height":388,"caption":"Explore os materiais exclusivos da WM Trading, desenvolvidos para facilitar o entendimento sobre com\u00e9rcio internacional e importa\u00e7\u00e3o"},{"@type":"BreadcrumbList","@id":"https:\/\/www.wmtrading.com.br\/en\/materiais\/#breadcrumb","itemListElement":[{"@type":"ListItem","position":1,"name":"In\u00edcio","item":"https:\/\/www.wmtrading.com.br\/en\/"},{"@type":"ListItem","position":2,"name":"Materials"}]},{"@type":"WebSite","@id":"https:\/\/www.wmtrading.com.br\/#website","url":"https:\/\/www.wmtrading.com.br\/","name":"WM Trading","description":"A WM Trading oferece as melhores solu\u00e7\u00f5es para com\u00e9rcio exterior em diferentes segmentos. Maximize sua opera\u00e7\u00e3o com uma trading especializada.","publisher":{"@id":"https:\/\/www.wmtrading.com.br\/#organization"},"potentialAction":[{"@type":"SearchAction","target":{"@type":"EntryPoint","urlTemplate":"https:\/\/www.wmtrading.com.br\/?s={search_term_string}"},"query-input":{"@type":"PropertyValueSpecification","valueRequired":true,"valueName":"search_term_string"}}],"inLanguage":"en-US"},{"@type":"Organization","@id":"https:\/\/www.wmtrading.com.br\/#organization","name":"WM Trading","url":"https:\/\/www.wmtrading.com.br\/","logo":{"@type":"ImageObject","inLanguage":"en-US","@id":"https:\/\/www.wmtrading.com.br\/#\/schema\/logo\/image\/","url":"https:\/\/www.wmtrading.com.br\/wp-content\/uploads\/2024\/08\/cropped-cropped-editavel_logo_wm_trading_ajustada-e1724091077245.png","contentUrl":"https:\/\/www.wmtrading.com.br\/wp-content\/uploads\/2024\/08\/cropped-cropped-editavel_logo_wm_trading_ajustada-e1724091077245.png","width":100,"height":69,"caption":"WM Trading"},"image":{"@id":"https:\/\/www.wmtrading.com.br\/#\/schema\/logo\/image\/"},"sameAs":["https:\/\/facebook.com\/WMTradingComercioInternacional\/","https:\/\/instagram.com\/wmtrading\/","https:\/\/www.youtube.com\/channel\/UCGdBOuDTCnglBU3expUhMPg","https:\/\/pt.linkedin.com\/company\/wmtrading"]}]}},"_links":{"self":[{"href":"https:\/\/www.wmtrading.com.br\/en\/wp-json\/wp\/v2\/pages\/1743","targetHints":{"allow":["GET"]}}],"collection":[{"href":"https:\/\/www.wmtrading.com.br\/en\/wp-json\/wp\/v2\/pages"}],"about":[{"href":"https:\/\/www.wmtrading.com.br\/en\/wp-json\/wp\/v2\/types\/page"}],"author":[{"embeddable":true,"href":"https:\/\/www.wmtrading.com.br\/en\/wp-json\/wp\/v2\/users\/1"}],"replies":[{"embeddable":true,"href":"https:\/\/www.wmtrading.com.br\/en\/wp-json\/wp\/v2\/comments?post=1743"}],"version-history":[{"count":6,"href":"https:\/\/www.wmtrading.com.br\/en\/wp-json\/wp\/v2\/pages\/1743\/revisions"}],"predecessor-version":[{"id":4237,"href":"https:\/\/www.wmtrading.com.br\/en\/wp-json\/wp\/v2\/pages\/1743\/revisions\/4237"}],"wp:featuredmedia":[{"embeddable":true,"href":"https:\/\/www.wmtrading.com.br\/en\/wp-json\/wp\/v2\/media\/660"}],"wp:attachment":[{"href":"https:\/\/www.wmtrading.com.br\/en\/wp-json\/wp\/v2\/media?parent=1743"}],"wp:term":[{"taxonomy":"post_tag","embeddable":true,"href":"https:\/\/www.wmtrading.com.br\/en\/wp-json\/wp\/v2\/tags?post=1743"}],"curies":[{"name":"wp","href":"https:\/\/api.w.org\/{rel}","templated":true}]}}