{"id":5491,"date":"2024-10-16T15:12:47","date_gmt":"2024-10-16T18:12:47","guid":{"rendered":"https:\/\/www.wmtrading.com.br\/contact\/"},"modified":"2024-10-18T08:53:52","modified_gmt":"2024-10-18T11:53:52","slug":"contact","status":"publish","type":"page","link":"https:\/\/www.wmtrading.com.br\/en\/contact\/","title":{"rendered":"Contact"},"content":{"rendered":"<h1>Fill out our form<\/h1>\n<p>One of our specialists will contact you<br \/>\nshortly and answer your requests.<\/p>\n","protected":false},"excerpt":{"rendered":"<p>Fill out our form One of our specialists will contact you shortly and answer your requests.<\/p>\n","protected":false},"author":1,"featured_media":0,"parent":0,"menu_order":7,"comment_status":"closed","ping_status":"closed","template":"","meta":{"om_disable_all_campaigns":false,"inline_featured_image":false,"footnotes":""},"tags":[],"class_list":["post-5491","page","type-page","status-publish","hentry"],"acf":[],"yoast_head":"<!-- This site is optimized with the Yoast SEO plugin v26.9 - https:\/\/yoast.com\/product\/yoast-seo-wordpress\/ -->\n<title>Contact Us - WM Trading<\/title>\n<meta name=\"description\" content=\"Contact WM Trading to explore our solutions and learn how we can support your import and export operations with professional guidance.\" \/>\n<meta name=\"robots\" content=\"index, follow, max-snippet:-1, max-image-preview:large, max-video-preview:-1\" \/>\n<link rel=\"canonical\" href=\"https:\/\/www.wmtrading.com.br\/en\/contact\/\" \/>\n<meta property=\"og:locale\" content=\"en_US\" \/>\n<meta property=\"og:type\" content=\"article\" \/>\n<meta property=\"og:title\" content=\"Contact Us - WM Trading\" \/>\n<meta property=\"og:description\" content=\"Contact WM Trading to explore our solutions and learn how we can support your import and export operations with professional guidance.\" \/>\n<meta property=\"og:url\" content=\"https:\/\/www.wmtrading.com.br\/en\/contact\/\" \/>\n<meta property=\"og:site_name\" content=\"WM Trading\" \/>\n<meta property=\"article:publisher\" content=\"https:\/\/facebook.com\/WMTradingComercioInternacional\/\" \/>\n<meta property=\"article:modified_time\" content=\"2024-10-18T11:53:52+00:00\" \/>\n<meta name=\"twitter:card\" content=\"summary_large_image\" \/>\n<meta name=\"twitter:label1\" content=\"Est. reading time\" \/>\n\t<meta name=\"twitter:data1\" content=\"1 minute\" \/>\n<script type=\"application\/ld+json\" class=\"yoast-schema-graph\">{\"@context\":\"https:\/\/schema.org\",\"@graph\":[{\"@type\":\"WebPage\",\"@id\":\"https:\/\/www.wmtrading.com.br\/en\/contact\/\",\"url\":\"https:\/\/www.wmtrading.com.br\/en\/contact\/\",\"name\":\"Contact Us - WM Trading\",\"isPartOf\":{\"@id\":\"https:\/\/www.wmtrading.com.br\/#website\"},\"datePublished\":\"2024-10-16T18:12:47+00:00\",\"dateModified\":\"2024-10-18T11:53:52+00:00\",\"description\":\"Contact WM Trading to explore our solutions and learn how we can support your import and export operations with professional guidance.\",\"breadcrumb\":{\"@id\":\"https:\/\/www.wmtrading.com.br\/en\/contact\/#breadcrumb\"},\"inLanguage\":\"en-US\",\"potentialAction\":[{\"@type\":\"ReadAction\",\"target\":[\"https:\/\/www.wmtrading.com.br\/en\/contact\/\"]}]},{\"@type\":\"BreadcrumbList\",\"@id\":\"https:\/\/www.wmtrading.com.br\/en\/contact\/#breadcrumb\",\"itemListElement\":[{\"@type\":\"ListItem\",\"position\":1,\"name\":\"In\u00edcio\",\"item\":\"https:\/\/www.wmtrading.com.br\/en\/\"},{\"@type\":\"ListItem\",\"position\":2,\"name\":\"Contact\"}]},{\"@type\":\"WebSite\",\"@id\":\"https:\/\/www.wmtrading.com.br\/#website\",\"url\":\"https:\/\/www.wmtrading.com.br\/\",\"name\":\"WM Trading\",\"description\":\"A WM Trading oferece as melhores solu\u00e7\u00f5es para com\u00e9rcio exterior em diferentes segmentos. Maximize sua opera\u00e7\u00e3o com uma trading especializada.\",\"publisher\":{\"@id\":\"https:\/\/www.wmtrading.com.br\/#organization\"},\"potentialAction\":[{\"@type\":\"SearchAction\",\"target\":{\"@type\":\"EntryPoint\",\"urlTemplate\":\"https:\/\/www.wmtrading.com.br\/?s={search_term_string}\"},\"query-input\":{\"@type\":\"PropertyValueSpecification\",\"valueRequired\":true,\"valueName\":\"search_term_string\"}}],\"inLanguage\":\"en-US\"},{\"@type\":\"Organization\",\"@id\":\"https:\/\/www.wmtrading.com.br\/#organization\",\"name\":\"WM Trading\",\"url\":\"https:\/\/www.wmtrading.com.br\/\",\"logo\":{\"@type\":\"ImageObject\",\"inLanguage\":\"en-US\",\"@id\":\"https:\/\/www.wmtrading.com.br\/#\/schema\/logo\/image\/\",\"url\":\"https:\/\/www.wmtrading.com.br\/wp-content\/uploads\/2024\/08\/cropped-cropped-editavel_logo_wm_trading_ajustada-e1724091077245.png\",\"contentUrl\":\"https:\/\/www.wmtrading.com.br\/wp-content\/uploads\/2024\/08\/cropped-cropped-editavel_logo_wm_trading_ajustada-e1724091077245.png\",\"width\":100,\"height\":69,\"caption\":\"WM Trading\"},\"image\":{\"@id\":\"https:\/\/www.wmtrading.com.br\/#\/schema\/logo\/image\/\"},\"sameAs\":[\"https:\/\/facebook.com\/WMTradingComercioInternacional\/\",\"https:\/\/instagram.com\/wmtrading\/\",\"https:\/\/www.youtube.com\/channel\/UCGdBOuDTCnglBU3expUhMPg\",\"https:\/\/pt.linkedin.com\/company\/wmtrading\"]}]}<\/script>\n<!-- \/ Yoast SEO plugin. -->","yoast_head_json":{"title":"Contact Us - WM Trading","description":"Contact WM Trading to explore our solutions and learn how we can support your import and export operations with professional guidance.","robots":{"index":"index","follow":"follow","max-snippet":"max-snippet:-1","max-image-preview":"max-image-preview:large","max-video-preview":"max-video-preview:-1"},"canonical":"https:\/\/www.wmtrading.com.br\/en\/contact\/","og_locale":"en_US","og_type":"article","og_title":"Contact Us - WM Trading","og_description":"Contact WM Trading to explore our solutions and learn how we can support your import and export operations with professional guidance.","og_url":"https:\/\/www.wmtrading.com.br\/en\/contact\/","og_site_name":"WM Trading","article_publisher":"https:\/\/facebook.com\/WMTradingComercioInternacional\/","article_modified_time":"2024-10-18T11:53:52+00:00","twitter_card":"summary_large_image","twitter_misc":{"Est. reading time":"1 minute"},"schema":{"@context":"https:\/\/schema.org","@graph":[{"@type":"WebPage","@id":"https:\/\/www.wmtrading.com.br\/en\/contact\/","url":"https:\/\/www.wmtrading.com.br\/en\/contact\/","name":"Contact Us - WM Trading","isPartOf":{"@id":"https:\/\/www.wmtrading.com.br\/#website"},"datePublished":"2024-10-16T18:12:47+00:00","dateModified":"2024-10-18T11:53:52+00:00","description":"Contact WM Trading to explore our solutions and learn how we can support your import and export operations with professional guidance.","breadcrumb":{"@id":"https:\/\/www.wmtrading.com.br\/en\/contact\/#breadcrumb"},"inLanguage":"en-US","potentialAction":[{"@type":"ReadAction","target":["https:\/\/www.wmtrading.com.br\/en\/contact\/"]}]},{"@type":"BreadcrumbList","@id":"https:\/\/www.wmtrading.com.br\/en\/contact\/#breadcrumb","itemListElement":[{"@type":"ListItem","position":1,"name":"In\u00edcio","item":"https:\/\/www.wmtrading.com.br\/en\/"},{"@type":"ListItem","position":2,"name":"Contact"}]},{"@type":"WebSite","@id":"https:\/\/www.wmtrading.com.br\/#website","url":"https:\/\/www.wmtrading.com.br\/","name":"WM Trading","description":"A WM Trading oferece as melhores solu\u00e7\u00f5es para com\u00e9rcio exterior em diferentes segmentos. Maximize sua opera\u00e7\u00e3o com uma trading especializada.","publisher":{"@id":"https:\/\/www.wmtrading.com.br\/#organization"},"potentialAction":[{"@type":"SearchAction","target":{"@type":"EntryPoint","urlTemplate":"https:\/\/www.wmtrading.com.br\/?s={search_term_string}"},"query-input":{"@type":"PropertyValueSpecification","valueRequired":true,"valueName":"search_term_string"}}],"inLanguage":"en-US"},{"@type":"Organization","@id":"https:\/\/www.wmtrading.com.br\/#organization","name":"WM Trading","url":"https:\/\/www.wmtrading.com.br\/","logo":{"@type":"ImageObject","inLanguage":"en-US","@id":"https:\/\/www.wmtrading.com.br\/#\/schema\/logo\/image\/","url":"https:\/\/www.wmtrading.com.br\/wp-content\/uploads\/2024\/08\/cropped-cropped-editavel_logo_wm_trading_ajustada-e1724091077245.png","contentUrl":"https:\/\/www.wmtrading.com.br\/wp-content\/uploads\/2024\/08\/cropped-cropped-editavel_logo_wm_trading_ajustada-e1724091077245.png","width":100,"height":69,"caption":"WM Trading"},"image":{"@id":"https:\/\/www.wmtrading.com.br\/#\/schema\/logo\/image\/"},"sameAs":["https:\/\/facebook.com\/WMTradingComercioInternacional\/","https:\/\/instagram.com\/wmtrading\/","https:\/\/www.youtube.com\/channel\/UCGdBOuDTCnglBU3expUhMPg","https:\/\/pt.linkedin.com\/company\/wmtrading"]}]}},"_links":{"self":[{"href":"https:\/\/www.wmtrading.com.br\/en\/wp-json\/wp\/v2\/pages\/5491","targetHints":{"allow":["GET"]}}],"collection":[{"href":"https:\/\/www.wmtrading.com.br\/en\/wp-json\/wp\/v2\/pages"}],"about":[{"href":"https:\/\/www.wmtrading.com.br\/en\/wp-json\/wp\/v2\/types\/page"}],"author":[{"embeddable":true,"href":"https:\/\/www.wmtrading.com.br\/en\/wp-json\/wp\/v2\/users\/1"}],"replies":[{"embeddable":true,"href":"https:\/\/www.wmtrading.com.br\/en\/wp-json\/wp\/v2\/comments?post=5491"}],"version-history":[{"count":2,"href":"https:\/\/www.wmtrading.com.br\/en\/wp-json\/wp\/v2\/pages\/5491\/revisions"}],"predecessor-version":[{"id":5493,"href":"https:\/\/www.wmtrading.com.br\/en\/wp-json\/wp\/v2\/pages\/5491\/revisions\/5493"}],"wp:attachment":[{"href":"https:\/\/www.wmtrading.com.br\/en\/wp-json\/wp\/v2\/media?parent=5491"}],"wp:term":[{"taxonomy":"post_tag","embeddable":true,"href":"https:\/\/www.wmtrading.com.br\/en\/wp-json\/wp\/v2\/tags?post=5491"}],"curies":[{"name":"wp","href":"https:\/\/api.w.org\/{rel}","templated":true}]}}